{"id":1066,"date":"2024-12-28T13:28:01","date_gmt":"2024-12-28T18:28:01","guid":{"rendered":"https:\/\/pixeltrail.co\/about\/"},"modified":"2025-04-05T09:20:08","modified_gmt":"2025-04-05T13:20:08","slug":"a-propos","status":"publish","type":"page","link":"https:\/\/pixeltrail.co\/fr\/a-propos\/","title":{"rendered":"\u00c0 Propos"},"content":{"rendered":"\t\t<div data-elementor-type=\"wp-page\" data-elementor-id=\"1066\" class=\"elementor elementor-1066 elementor-58\" data-elementor-post-type=\"page\">\n\t\t\t\t<div class=\"elementor-element elementor-element-0c5f114 e-flex e-con-boxed e-con e-parent\" data-id=\"0c5f114\" data-element_type=\"container\" data-e-type=\"container\">\n\t\t\t\t\t<div class=\"e-con-inner\">\n\t\t<div class=\"elementor-element elementor-element-7e9daa4 e-con-full e-flex e-con e-child\" data-id=\"7e9daa4\" data-element_type=\"container\" data-e-type=\"container\" data-settings=\"{&quot;background_background&quot;:&quot;classic&quot;}\">\n\t\t\t\t<\/div>\n\t\t<div class=\"elementor-element elementor-element-4ab92c7 e-con-full e-flex e-con e-child\" data-id=\"4ab92c7\" data-element_type=\"container\" data-e-type=\"container\">\n\t\t\t\t<div class=\"elementor-element elementor-element-01782a6 elementor-widget elementor-widget-heading\" data-id=\"01782a6\" data-element_type=\"widget\" data-e-type=\"widget\" data-widget_type=\"heading.default\">\n\t\t\t\t<div class=\"elementor-widget-container\">\n\t\t\t\t\t<h2 class=\"elementor-heading-title elementor-size-default\">\u00c0 propos de <br>Pixel Trail\u2122\n<\/h2>\t\t\t\t<\/div>\n\t\t\t\t<\/div>\n\t\t<div class=\"elementor-element elementor-element-0fa10a3 e-con-full e-flex e-con e-child\" data-id=\"0fa10a3\" data-element_type=\"container\" data-e-type=\"container\">\n\t\t\t\t<div class=\"elementor-element elementor-element-9e17544 elementor-widget elementor-widget-button\" data-id=\"9e17544\" data-element_type=\"widget\" data-e-type=\"widget\" data-widget_type=\"button.default\">\n\t\t\t\t<div class=\"elementor-widget-container\">\n\t\t\t\t\t\t\t\t\t<div class=\"elementor-button-wrapper\">\n\t\t\t\t\t<a class=\"elementor-button elementor-button-link elementor-size-sm elementor-animation-bob\" href=\"\/fr\/nous-joindre\/\">\n\t\t\t\t\t\t<span class=\"elementor-button-content-wrapper\">\n\t\t\t\t\t\t\t\t\t<span class=\"elementor-button-text\">NOUS JOINDRE<\/span>\n\t\t\t\t\t<\/span>\n\t\t\t\t\t<\/a>\n\t\t\t\t<\/div>\n\t\t\t\t\t\t\t\t<\/div>\n\t\t\t\t<\/div>\n\t\t\t\t<\/div>\n\t\t\t\t<div class=\"elementor-element elementor-element-df33a4d elementor-widget elementor-widget-text-editor\" data-id=\"df33a4d\" data-element_type=\"widget\" data-e-type=\"widget\" data-widget_type=\"text-editor.default\">\n\t\t\t\t<div class=\"elementor-widget-container\">\n\t\t\t\t\t\t\t\t\t<p><span style=\"font-weight: 400;\">Chez Pixel Trail, nous favorisons la p\u00e9rennit\u00e9 et la s\u00e9curit\u00e9 des r\u00e9seaux de plein air, via des donn\u00e9es captur\u00e9es par nos solutions num\u00e9riques innovantes et con\u00e7ues pour augmenter l\u2019efficacit\u00e9 des gestionnaires et favoriser l\u2019engagement communautaire.<\/span><\/p><p>Notre suite d\u2019applications int\u00e9gr\u00e9es est con\u00e7ue pour simplifier les op\u00e9rations, mobiliser davantage de b\u00e9n\u00e9voles et permettre une meilleure gestion de vos infrastructures. Pixel Trail garantit que votre r\u00e9seau jouira de l\u2019utilisation de nos outils, lesquels affinent les processus, connectent les acteurs de votre communaut\u00e9 et r\u00e9compensent les actions b\u00e9n\u00e9voles.<\/p><p><span style=\"font-weight: 400;\">Fond\u00e9 par trois passionn\u00e9s de plein air, d\u2019innovation et de gestion responsable et efficiente, Pixel Trail propose des solutions technologiques simples et pratiques, afin de supporter les gestionnaires, les employ\u00e9s, les utilisateurs et les b\u00e9n\u00e9voles pr\u00e9sents dans votre \u00e9cosyst\u00e8me.<\/span><\/p><p><span style=\"font-weight: 400;\">Ayant accumul\u00e9 des d\u00e9cennies d\u2019exp\u00e9rience en ing\u00e9nierie, en gestion de projets, en engagement communautaire, en d\u00e9veloppement de logiciels et en innovation technologique, nous apportons une perspective novatrice pour g\u00e9rer facilement les d\u00e9fis complexes pr\u00e9sents les r\u00e9seaux de plein air. <\/span><\/p><p><span style=\"font-weight: 400;\">Notre vision partag\u00e9e et nos comp\u00e9tences compl\u00e9mentaires nous poussent \u00e0 r\u00e9volutionner la gestion du plein air et \u00e0 cr\u00e9er des impacts durables pour les communaut\u00e9, pour l\u2019environnement et pour les g\u00e9n\u00e9rations \u00e0 venir.<\/span><\/p><p><span style=\"font-weight: 400;\">Notre mission : d\u00e9velopper des applications simples qui adressent des probl\u00e8mes complexes et qui incitent les gens \u00e0 ranger leur t\u00e9l\u00e9phone pour aller jouer dehors !<\/span><\/p>\t\t\t\t\t\t\t\t<\/div>\n\t\t\t\t<\/div>\n\t\t\t\t<\/div>\n\t\t\t\t\t<\/div>\n\t\t\t\t<\/div>\n\t\t<div class=\"elementor-element elementor-element-592ddd3 e-flex e-con-boxed e-con e-parent\" data-id=\"592ddd3\" data-element_type=\"container\" data-e-type=\"container\">\n\t\t\t\t\t<div class=\"e-con-inner\">\n\t\t<div class=\"elementor-element elementor-element-b5a6865 e-con-full e-flex e-con e-child\" data-id=\"b5a6865\" data-element_type=\"container\" data-e-type=\"container\" data-settings=\"{&quot;background_background&quot;:&quot;classic&quot;}\">\n\t\t<div class=\"elementor-element elementor-element-f408239 e-con-full e-flex e-con e-child\" data-id=\"f408239\" data-element_type=\"container\" data-e-type=\"container\">\n\t\t\t\t<div class=\"elementor-element elementor-element-564b4ab elementor-widget elementor-widget-image\" data-id=\"564b4ab\" data-element_type=\"widget\" data-e-type=\"widget\" data-widget_type=\"image.default\">\n\t\t\t\t<div class=\"elementor-widget-container\">\n\t\t\t\t\t\t\t\t\t\t\t\t\t\t\t<img fetchpriority=\"high\" decoding=\"async\" width=\"800\" height=\"400\" src=\"https:\/\/pixeltrail.co\/wp-content\/uploads\/2025\/01\/PT_Apps-1-1024x512.png\" class=\"attachment-large size-large wp-image-1846\" alt=\"Trail Network Management Solutions\" srcset=\"https:\/\/pixeltrail.co\/wp-content\/uploads\/2025\/01\/PT_Apps-1-1024x512.png 1024w, https:\/\/pixeltrail.co\/wp-content\/uploads\/2025\/01\/PT_Apps-1-300x150.png 300w, https:\/\/pixeltrail.co\/wp-content\/uploads\/2025\/01\/PT_Apps-1-768x384.png 768w, https:\/\/pixeltrail.co\/wp-content\/uploads\/2025\/01\/PT_Apps-1-1536x768.png 1536w, https:\/\/pixeltrail.co\/wp-content\/uploads\/2025\/01\/PT_Apps-1-2048x1024.png 2048w\" sizes=\"(max-width: 800px) 100vw, 800px\" \/>\t\t\t\t\t\t\t\t\t\t\t\t\t\t\t<\/div>\n\t\t\t\t<\/div>\n\t\t\t\t<\/div>\n\t\t<div class=\"elementor-element elementor-element-c626b89 e-con-full animated-slow e-flex elementor-invisible e-con e-child\" data-id=\"c626b89\" data-element_type=\"container\" data-e-type=\"container\" data-settings=\"{&quot;animation&quot;:&quot;fadeInUp&quot;}\">\n\t\t\t\t<div class=\"elementor-element elementor-element-46825c6 elementor-widget elementor-widget-heading\" data-id=\"46825c6\" data-element_type=\"widget\" data-e-type=\"widget\" data-widget_type=\"heading.default\">\n\t\t\t\t<div class=\"elementor-widget-container\">\n\t\t\t\t\t<h2 class=\"elementor-heading-title elementor-size-default\">Exp\u00e9rimentez la puissance de la suite Pixel Trail<\/h2>\t\t\t\t<\/div>\n\t\t\t\t<\/div>\n\t\t\t\t<div class=\"elementor-element elementor-element-717bbbe elementor-widget elementor-widget-text-editor\" data-id=\"717bbbe\" data-element_type=\"widget\" data-e-type=\"widget\" data-widget_type=\"text-editor.default\">\n\t\t\t\t<div class=\"elementor-widget-container\">\n\t\t\t\t\t\t\t\t\t<p><span style=\"font-weight: 400;\">Pr\u00eat \u00e0 r\u00e9volutionner la gestion de votre r\u00e9seau ? Avec les cinq applications int\u00e9gr\u00e9es de la suite Pixel Trail, vous disposerez des outils n\u00e9cessaires pour simplifier vos op\u00e9rations, mobiliser votre communaut\u00e9 et prendre des d\u00e9cisions \u00e9clair\u00e9es, le tout sur une seule et m\u00eame plateforme intuitive.<\/span><\/p>\t\t\t\t\t\t\t\t<\/div>\n\t\t\t\t<\/div>\n\t\t\t\t<\/div>\n\t\t\t\t<\/div>\n\t\t\t\t\t<\/div>\n\t\t\t\t<\/div>\n\t\t<div class=\"elementor-element elementor-element-eeaead1 e-flex e-con-boxed e-con e-parent\" data-id=\"eeaead1\" data-element_type=\"container\" data-e-type=\"container\">\n\t\t\t\t\t<div class=\"e-con-inner\">\n\t\t<div class=\"elementor-element elementor-element-7ef1c82 e-con-full e-flex e-con e-child\" data-id=\"7ef1c82\" data-element_type=\"container\" data-e-type=\"container\">\n\t\t<div class=\"elementor-element elementor-element-7e69bd0 e-con-full e-flex e-con e-child\" data-id=\"7e69bd0\" data-element_type=\"container\" data-e-type=\"container\">\n\t\t<div class=\"elementor-element elementor-element-2eb0065 e-con-full e-flex e-con e-child\" data-id=\"2eb0065\" data-element_type=\"container\" data-e-type=\"container\">\n\t\t\t\t<div class=\"elementor-element elementor-element-6eaf507 animated-slow elementor-invisible elementor-widget elementor-widget-heading\" data-id=\"6eaf507\" data-element_type=\"widget\" data-e-type=\"widget\" data-settings=\"{&quot;_animation&quot;:&quot;fadeInUp&quot;}\" data-widget_type=\"heading.default\">\n\t\t\t\t<div class=\"elementor-widget-container\">\n\t\t\t\t\t<h2 class=\"elementor-heading-title elementor-size-default\">Ces organisations font confiance \u00e0 Pixel Trail <\/h2>\t\t\t\t<\/div>\n\t\t\t\t<\/div>\n\t\t<div class=\"elementor-element elementor-element-f963217 e-con-full e-flex e-con e-child\" data-id=\"f963217\" data-element_type=\"container\" data-e-type=\"container\">\n\t\t\t\t<div class=\"elementor-element elementor-element-249eff6 gallery-spacing-custom elementor-widget elementor-widget-image-gallery\" data-id=\"249eff6\" data-element_type=\"widget\" data-e-type=\"widget\" data-widget_type=\"image-gallery.default\">\n\t\t\t\t<div class=\"elementor-widget-container\">\n\t\t\t\t\t\t\t<div class=\"elementor-image-gallery\">\n\t\t\t<div id='gallery-1' class='gallery galleryid-1066 gallery-columns-8 gallery-size-medium'><figure class='gallery-item'>\n\t\t\t<div class='gallery-icon landscape'>\n\t\t\t\t<img decoding=\"async\" width=\"300\" height=\"247\" src=\"https:\/\/pixeltrail.co\/wp-content\/uploads\/2025\/01\/DIG_SDM.png\" class=\"attachment-medium size-medium\" alt=\"\" \/>\n\t\t\t<\/div><\/figure><figure class='gallery-item'>\n\t\t\t<div class='gallery-icon landscape'>\n\t\t\t\t<img decoding=\"async\" width=\"300\" height=\"300\" src=\"https:\/\/pixeltrail.co\/wp-content\/uploads\/2025\/01\/VBN_Logo_300.png\" class=\"attachment-medium size-medium\" alt=\"\" srcset=\"https:\/\/pixeltrail.co\/wp-content\/uploads\/2025\/01\/VBN_Logo_300.png 300w, https:\/\/pixeltrail.co\/wp-content\/uploads\/2025\/01\/VBN_Logo_300-150x150.png 150w\" sizes=\"(max-width: 300px) 100vw, 300px\" \/>\n\t\t\t<\/div><\/figure><figure class='gallery-item'>\n\t\t\t<div class='gallery-icon landscape'>\n\t\t\t\t<img loading=\"lazy\" decoding=\"async\" width=\"300\" height=\"300\" src=\"https:\/\/pixeltrail.co\/wp-content\/uploads\/2025\/01\/LOGO_SAINT-SAUVEUR.png\" class=\"attachment-medium size-medium\" alt=\"\" srcset=\"https:\/\/pixeltrail.co\/wp-content\/uploads\/2025\/01\/LOGO_SAINT-SAUVEUR.png 300w, https:\/\/pixeltrail.co\/wp-content\/uploads\/2025\/01\/LOGO_SAINT-SAUVEUR-150x150.png 150w\" sizes=\"(max-width: 300px) 100vw, 300px\" \/>\n\t\t\t<\/div><\/figure><figure class='gallery-item'>\n\t\t\t<div class='gallery-icon landscape'>\n\t\t\t\t<img loading=\"lazy\" decoding=\"async\" width=\"300\" height=\"300\" src=\"https:\/\/pixeltrail.co\/wp-content\/uploads\/2025\/01\/PARC_SOMMETS_BROMONT.png\" class=\"attachment-medium size-medium\" alt=\"\" srcset=\"https:\/\/pixeltrail.co\/wp-content\/uploads\/2025\/01\/PARC_SOMMETS_BROMONT.png 300w, https:\/\/pixeltrail.co\/wp-content\/uploads\/2025\/01\/PARC_SOMMETS_BROMONT-150x150.png 150w\" sizes=\"(max-width: 300px) 100vw, 300px\" \/>\n\t\t\t<\/div><\/figure><figure class='gallery-item'>\n\t\t\t<div class='gallery-icon landscape'>\n\t\t\t\t<img loading=\"lazy\" decoding=\"async\" width=\"300\" height=\"292\" src=\"https:\/\/pixeltrail.co\/wp-content\/uploads\/2025\/01\/PASA.png\" class=\"attachment-medium size-medium\" alt=\"\" \/>\n\t\t\t<\/div><\/figure><figure class='gallery-item'>\n\t\t\t<div class='gallery-icon landscape'>\n\t\t\t\t<img loading=\"lazy\" decoding=\"async\" width=\"300\" height=\"300\" src=\"https:\/\/pixeltrail.co\/wp-content\/uploads\/2025\/01\/SAINTE-ADELE.png\" class=\"attachment-medium size-medium\" alt=\"\" srcset=\"https:\/\/pixeltrail.co\/wp-content\/uploads\/2025\/01\/SAINTE-ADELE.png 300w, https:\/\/pixeltrail.co\/wp-content\/uploads\/2025\/01\/SAINTE-ADELE-150x150.png 150w\" sizes=\"(max-width: 300px) 100vw, 300px\" \/>\n\t\t\t<\/div><\/figure><figure class='gallery-item'>\n\t\t\t<div class='gallery-icon landscape'>\n\t\t\t\t<img loading=\"lazy\" decoding=\"async\" width=\"300\" height=\"300\" src=\"https:\/\/pixeltrail.co\/wp-content\/uploads\/2025\/01\/TB_MSA-300x300.png\" class=\"attachment-medium size-medium\" alt=\"\" srcset=\"https:\/\/pixeltrail.co\/wp-content\/uploads\/2025\/01\/TB_MSA-300x300.png 300w, https:\/\/pixeltrail.co\/wp-content\/uploads\/2025\/01\/TB_MSA-150x150.png 150w, https:\/\/pixeltrail.co\/wp-content\/uploads\/2025\/01\/TB_MSA-400x400.png 400w, https:\/\/pixeltrail.co\/wp-content\/uploads\/2025\/01\/TB_MSA.png 450w\" sizes=\"(max-width: 300px) 100vw, 300px\" \/>\n\t\t\t<\/div><\/figure><figure class='gallery-item'>\n\t\t\t<div class='gallery-icon landscape'>\n\t\t\t\t<img loading=\"lazy\" decoding=\"async\" width=\"300\" height=\"300\" src=\"https:\/\/pixeltrail.co\/wp-content\/uploads\/2025\/01\/sutton_300.png\" class=\"attachment-medium size-medium\" alt=\"\" srcset=\"https:\/\/pixeltrail.co\/wp-content\/uploads\/2025\/01\/sutton_300.png 300w, https:\/\/pixeltrail.co\/wp-content\/uploads\/2025\/01\/sutton_300-150x150.png 150w\" sizes=\"(max-width: 300px) 100vw, 300px\" \/>\n\t\t\t<\/div><\/figure>\n\t\t<\/div>\n\t\t<\/div>\n\t\t\t\t\t\t<\/div>\n\t\t\t\t<\/div>\n\t\t\t\t<\/div>\n\t\t\t\t<\/div>\n\t\t\t\t<\/div>\n\t\t\t\t<\/div>\n\t\t\t\t\t<\/div>\n\t\t\t\t<\/div>\n\t\t\t\t<\/div>\n\t\t","protected":false},"excerpt":{"rendered":"<p>\u00c0 propos de Pixel Trail\u2122 NOUS JOINDRE Chez Pixel Trail, nous favorisons la p\u00e9rennit\u00e9 et la s\u00e9curit\u00e9 des r\u00e9seaux de plein air, via des donn\u00e9es captur\u00e9es par nos solutions num\u00e9riques innovantes et con\u00e7ues pour augmenter l\u2019efficacit\u00e9 des gestionnaires et favoriser l\u2019engagement communautaire. Notre suite d\u2019applications int\u00e9gr\u00e9es est con\u00e7ue pour simplifier les op\u00e9rations, mobiliser davantage de [&hellip;]<\/p>\n","protected":false},"author":1,"featured_media":0,"parent":0,"menu_order":0,"comment_status":"closed","ping_status":"closed","template":"elementor_header_footer","meta":{"_acf_changed":false,"footnotes":""},"class_list":["post-1066","page","type-page","status-publish","hentry"],"acf":[],"yoast_head":"<!-- This site is optimized with the Yoast SEO plugin v24.4 - https:\/\/yoast.com\/wordpress\/plugins\/seo\/ -->\n<title>\u00c0 Propos | Pixel Trail<\/title>\n<meta name=\"robots\" content=\"index, follow, max-snippet:-1, max-image-preview:large, max-video-preview:-1\" \/>\n<link rel=\"canonical\" href=\"https:\/\/pixeltrail.co\/fr\/a-propos\/\" \/>\n<meta property=\"og:locale\" content=\"fr_FR\" \/>\n<meta property=\"og:type\" content=\"article\" \/>\n<meta property=\"og:title\" content=\"\u00c0 Propos | Pixel Trail\" \/>\n<meta property=\"og:description\" content=\"\u00c0 propos de Pixel Trail\u2122 NOUS JOINDRE Chez Pixel Trail, nous favorisons la p\u00e9rennit\u00e9 et la s\u00e9curit\u00e9 des r\u00e9seaux de plein air, via des donn\u00e9es captur\u00e9es par nos solutions num\u00e9riques innovantes et con\u00e7ues pour augmenter l\u2019efficacit\u00e9 des gestionnaires et favoriser l\u2019engagement communautaire. Notre suite d\u2019applications int\u00e9gr\u00e9es est con\u00e7ue pour simplifier les op\u00e9rations, mobiliser davantage de [&hellip;]\" \/>\n<meta property=\"og:url\" content=\"https:\/\/pixeltrail.co\/fr\/a-propos\/\" \/>\n<meta property=\"og:site_name\" content=\"Pixel Trail\" \/>\n<meta property=\"article:modified_time\" content=\"2025-04-05T13:20:08+00:00\" \/>\n<meta property=\"og:image\" content=\"https:\/\/pixeltrail.co\/wp-content\/uploads\/2025\/01\/PT_Apps-1.png\" \/>\n\t<meta property=\"og:image:width\" content=\"2400\" \/>\n\t<meta property=\"og:image:height\" content=\"1200\" \/>\n\t<meta property=\"og:image:type\" content=\"image\/png\" \/>\n<meta name=\"twitter:card\" content=\"summary_large_image\" \/>\n<meta name=\"twitter:label1\" content=\"Dur\u00e9e de lecture estim\u00e9e\" \/>\n\t<meta name=\"twitter:data1\" content=\"4 minutes\" \/>\n<script type=\"application\/ld+json\" class=\"yoast-schema-graph\">{\"@context\":\"https:\/\/schema.org\",\"@graph\":[{\"@type\":\"WebPage\",\"@id\":\"https:\/\/pixeltrail.co\/fr\/a-propos\/\",\"url\":\"https:\/\/pixeltrail.co\/fr\/a-propos\/\",\"name\":\"\u00c0 Propos | Pixel Trail\",\"isPartOf\":{\"@id\":\"https:\/\/pixeltrail.co\/#website\"},\"primaryImageOfPage\":{\"@id\":\"https:\/\/pixeltrail.co\/fr\/a-propos\/#primaryimage\"},\"image\":{\"@id\":\"https:\/\/pixeltrail.co\/fr\/a-propos\/#primaryimage\"},\"thumbnailUrl\":\"https:\/\/pixeltrail.co\/wp-content\/uploads\/2025\/01\/PT_Apps-1-1024x512.png\",\"datePublished\":\"2024-12-28T18:28:01+00:00\",\"dateModified\":\"2025-04-05T13:20:08+00:00\",\"breadcrumb\":{\"@id\":\"https:\/\/pixeltrail.co\/fr\/a-propos\/#breadcrumb\"},\"inLanguage\":\"fr-FR\",\"potentialAction\":[{\"@type\":\"ReadAction\",\"target\":[\"https:\/\/pixeltrail.co\/fr\/a-propos\/\"]}]},{\"@type\":\"ImageObject\",\"inLanguage\":\"fr-FR\",\"@id\":\"https:\/\/pixeltrail.co\/fr\/a-propos\/#primaryimage\",\"url\":\"https:\/\/pixeltrail.co\/wp-content\/uploads\/2025\/01\/PT_Apps-1-1024x512.png\",\"contentUrl\":\"https:\/\/pixeltrail.co\/wp-content\/uploads\/2025\/01\/PT_Apps-1-1024x512.png\"},{\"@type\":\"BreadcrumbList\",\"@id\":\"https:\/\/pixeltrail.co\/fr\/a-propos\/#breadcrumb\",\"itemListElement\":[{\"@type\":\"ListItem\",\"position\":1,\"name\":\"Home\",\"item\":\"https:\/\/pixeltrail.co\/fr\/\"},{\"@type\":\"ListItem\",\"position\":2,\"name\":\"\u00c0 Propos\"}]},{\"@type\":\"WebSite\",\"@id\":\"https:\/\/pixeltrail.co\/#website\",\"url\":\"https:\/\/pixeltrail.co\/\",\"name\":\"Pixel Trail\",\"description\":\"The Ultimate Integrated Trail Management Solution\",\"publisher\":{\"@id\":\"https:\/\/pixeltrail.co\/#organization\"},\"alternateName\":\"Pixel Trail | Trail Management Applications\",\"potentialAction\":[{\"@type\":\"SearchAction\",\"target\":{\"@type\":\"EntryPoint\",\"urlTemplate\":\"https:\/\/pixeltrail.co\/?s={search_term_string}\"},\"query-input\":{\"@type\":\"PropertyValueSpecification\",\"valueRequired\":true,\"valueName\":\"search_term_string\"}}],\"inLanguage\":\"fr-FR\"},{\"@type\":\"Organization\",\"@id\":\"https:\/\/pixeltrail.co\/#organization\",\"name\":\"Pixel Trail inc.\",\"url\":\"https:\/\/pixeltrail.co\/\",\"logo\":{\"@type\":\"ImageObject\",\"inLanguage\":\"fr-FR\",\"@id\":\"https:\/\/pixeltrail.co\/#\/schema\/logo\/image\/\",\"url\":\"https:\/\/pixeltrail.co\/wp-content\/uploads\/2024\/10\/Pixel-Trail-logo.png\",\"contentUrl\":\"https:\/\/pixeltrail.co\/wp-content\/uploads\/2024\/10\/Pixel-Trail-logo.png\",\"width\":53,\"height\":58,\"caption\":\"Pixel Trail inc.\"},\"image\":{\"@id\":\"https:\/\/pixeltrail.co\/#\/schema\/logo\/image\/\"}}]}<\/script>\n<!-- \/ Yoast SEO plugin. -->","yoast_head_json":{"title":"\u00c0 Propos | Pixel Trail","robots":{"index":"index","follow":"follow","max-snippet":"max-snippet:-1","max-image-preview":"max-image-preview:large","max-video-preview":"max-video-preview:-1"},"canonical":"https:\/\/pixeltrail.co\/fr\/a-propos\/","og_locale":"fr_FR","og_type":"article","og_title":"\u00c0 Propos | Pixel Trail","og_description":"\u00c0 propos de Pixel Trail\u2122 NOUS JOINDRE Chez Pixel Trail, nous favorisons la p\u00e9rennit\u00e9 et la s\u00e9curit\u00e9 des r\u00e9seaux de plein air, via des donn\u00e9es captur\u00e9es par nos solutions num\u00e9riques innovantes et con\u00e7ues pour augmenter l\u2019efficacit\u00e9 des gestionnaires et favoriser l\u2019engagement communautaire. Notre suite d\u2019applications int\u00e9gr\u00e9es est con\u00e7ue pour simplifier les op\u00e9rations, mobiliser davantage de [&hellip;]","og_url":"https:\/\/pixeltrail.co\/fr\/a-propos\/","og_site_name":"Pixel Trail","article_modified_time":"2025-04-05T13:20:08+00:00","og_image":[{"width":2400,"height":1200,"url":"https:\/\/pixeltrail.co\/wp-content\/uploads\/2025\/01\/PT_Apps-1.png","type":"image\/png"}],"twitter_card":"summary_large_image","twitter_misc":{"Dur\u00e9e de lecture estim\u00e9e":"4 minutes"},"schema":{"@context":"https:\/\/schema.org","@graph":[{"@type":"WebPage","@id":"https:\/\/pixeltrail.co\/fr\/a-propos\/","url":"https:\/\/pixeltrail.co\/fr\/a-propos\/","name":"\u00c0 Propos | Pixel Trail","isPartOf":{"@id":"https:\/\/pixeltrail.co\/#website"},"primaryImageOfPage":{"@id":"https:\/\/pixeltrail.co\/fr\/a-propos\/#primaryimage"},"image":{"@id":"https:\/\/pixeltrail.co\/fr\/a-propos\/#primaryimage"},"thumbnailUrl":"https:\/\/pixeltrail.co\/wp-content\/uploads\/2025\/01\/PT_Apps-1-1024x512.png","datePublished":"2024-12-28T18:28:01+00:00","dateModified":"2025-04-05T13:20:08+00:00","breadcrumb":{"@id":"https:\/\/pixeltrail.co\/fr\/a-propos\/#breadcrumb"},"inLanguage":"fr-FR","potentialAction":[{"@type":"ReadAction","target":["https:\/\/pixeltrail.co\/fr\/a-propos\/"]}]},{"@type":"ImageObject","inLanguage":"fr-FR","@id":"https:\/\/pixeltrail.co\/fr\/a-propos\/#primaryimage","url":"https:\/\/pixeltrail.co\/wp-content\/uploads\/2025\/01\/PT_Apps-1-1024x512.png","contentUrl":"https:\/\/pixeltrail.co\/wp-content\/uploads\/2025\/01\/PT_Apps-1-1024x512.png"},{"@type":"BreadcrumbList","@id":"https:\/\/pixeltrail.co\/fr\/a-propos\/#breadcrumb","itemListElement":[{"@type":"ListItem","position":1,"name":"Home","item":"https:\/\/pixeltrail.co\/fr\/"},{"@type":"ListItem","position":2,"name":"\u00c0 Propos"}]},{"@type":"WebSite","@id":"https:\/\/pixeltrail.co\/#website","url":"https:\/\/pixeltrail.co\/","name":"Pixel Trail","description":"The Ultimate Integrated Trail Management Solution","publisher":{"@id":"https:\/\/pixeltrail.co\/#organization"},"alternateName":"Pixel Trail | Trail Management Applications","potentialAction":[{"@type":"SearchAction","target":{"@type":"EntryPoint","urlTemplate":"https:\/\/pixeltrail.co\/?s={search_term_string}"},"query-input":{"@type":"PropertyValueSpecification","valueRequired":true,"valueName":"search_term_string"}}],"inLanguage":"fr-FR"},{"@type":"Organization","@id":"https:\/\/pixeltrail.co\/#organization","name":"Pixel Trail inc.","url":"https:\/\/pixeltrail.co\/","logo":{"@type":"ImageObject","inLanguage":"fr-FR","@id":"https:\/\/pixeltrail.co\/#\/schema\/logo\/image\/","url":"https:\/\/pixeltrail.co\/wp-content\/uploads\/2024\/10\/Pixel-Trail-logo.png","contentUrl":"https:\/\/pixeltrail.co\/wp-content\/uploads\/2024\/10\/Pixel-Trail-logo.png","width":53,"height":58,"caption":"Pixel Trail inc."},"image":{"@id":"https:\/\/pixeltrail.co\/#\/schema\/logo\/image\/"}}]}},"_links":{"self":[{"href":"https:\/\/pixeltrail.co\/fr\/wp-json\/wp\/v2\/pages\/1066","targetHints":{"allow":["GET"]}}],"collection":[{"href":"https:\/\/pixeltrail.co\/fr\/wp-json\/wp\/v2\/pages"}],"about":[{"href":"https:\/\/pixeltrail.co\/fr\/wp-json\/wp\/v2\/types\/page"}],"author":[{"embeddable":true,"href":"https:\/\/pixeltrail.co\/fr\/wp-json\/wp\/v2\/users\/1"}],"replies":[{"embeddable":true,"href":"https:\/\/pixeltrail.co\/fr\/wp-json\/wp\/v2\/comments?post=1066"}],"version-history":[{"count":26,"href":"https:\/\/pixeltrail.co\/fr\/wp-json\/wp\/v2\/pages\/1066\/revisions"}],"predecessor-version":[{"id":2118,"href":"https:\/\/pixeltrail.co\/fr\/wp-json\/wp\/v2\/pages\/1066\/revisions\/2118"}],"wp:attachment":[{"href":"https:\/\/pixeltrail.co\/fr\/wp-json\/wp\/v2\/media?parent=1066"}],"curies":[{"name":"wp","href":"https:\/\/api.w.org\/{rel}","templated":true}]}}